{"id":259,"date":"2026-02-23T14:39:12","date_gmt":"2026-02-23T14:39:12","guid":{"rendered":"https:\/\/cre-cea.ch\/?post_type=product&#038;p=259"},"modified":"2026-03-25T18:40:13","modified_gmt":"2026-03-25T18:40:13","slug":"ansiedad-sueno-y-sentido-habitar-el-cuerpo-en-la-era-digital-s4e","status":"publish","type":"product","link":"https:\/\/cre-cea.ch\/es\/producto\/ansiedad-sueno-y-sentido-habitar-el-cuerpo-en-la-era-digital-s4e\/","title":{"rendered":"Ansiedad, sue\u00f1o y sentido \u201cHabitar el cuerpo en la era digital\u201d (S4E)"},"content":{"rendered":"<p><strong>Seminario Vivencial<\/strong><br \/>\n<strong>(21 de junio 2026)<\/strong><br \/>\nSeminario intensivo de fin de semana dirigido a personas que experimentan ansiedad, alteraciones del sue\u00f1o o sensaci\u00f3n de desconexi\u00f3n corporal en el contexto actual.<\/p>\n<p>Se trata de un encuentro te\u00f3rico\u2013pr\u00e1ctico y vivencial, orientado a explorar de forma directa principios fundamentales de regulaci\u00f3n y coherencia: descanso real, atenci\u00f3n sostenida, ritmo fisiol\u00f3gico, v\u00ednculo consciente y respiraci\u00f3n como herramienta de estabilizaci\u00f3n.<\/p>\n<p>El prop\u00f3sito no es transmitir contenidos de manera abstracta, sino generar experiencia encarnada que permita integrar estos ejes en la vida cotidiana.<\/p>\n<p><a href=\"https:\/\/cre-cea.ch\/wp-content\/uploads\/2026\/03\/21-junio-S4E-SEMINARIO-VIVENCIAL-Ansiedad-sueno-y-sentido-Habitar-el-cuerpo-en-la-era-digital.pdf\" target=\"_blank\" rel=\"noopener\"><strong>Mayor informaci\u00f3n<\/strong><\/a><\/p>","protected":false},"excerpt":{"rendered":"<p>Seminario Vivencial (21 de junio 2026) Seminario intensivo de fin de semana dirigido a personas que experimentan ansiedad, alteraciones del sue\u00f1o o sensaci\u00f3n de desconexi\u00f3n corporal en el contexto actual. Se trata de un encuentro te\u00f3rico\u2013pr\u00e1ctico y vivencial, orientado a explorar de forma directa principios fundamentales de regulaci\u00f3n y coherencia: descanso real, atenci\u00f3n sostenida, ritmo [&hellip;]<\/p>\n","protected":false},"featured_media":263,"comment_status":"open","ping_status":"closed","template":"","meta":{"_et_pb_use_builder":"","_et_pb_old_content":"","_et_gb_content_width":""},"product_brand":[],"product_cat":[20],"product_tag":[],"class_list":{"0":"post-259","1":"product","2":"type-product","3":"status-publish","4":"has-post-thumbnail","6":"product_cat-formations","8":"first","9":"instock","10":"virtual","11":"purchasable","12":"product-type-simple"},"_links":{"self":[{"href":"https:\/\/cre-cea.ch\/es\/wp-json\/wp\/v2\/product\/259","targetHints":{"allow":["GET"]}}],"collection":[{"href":"https:\/\/cre-cea.ch\/es\/wp-json\/wp\/v2\/product"}],"about":[{"href":"https:\/\/cre-cea.ch\/es\/wp-json\/wp\/v2\/types\/product"}],"replies":[{"embeddable":true,"href":"https:\/\/cre-cea.ch\/es\/wp-json\/wp\/v2\/comments?post=259"}],"wp:featuredmedia":[{"embeddable":true,"href":"https:\/\/cre-cea.ch\/es\/wp-json\/wp\/v2\/media\/263"}],"wp:attachment":[{"href":"https:\/\/cre-cea.ch\/es\/wp-json\/wp\/v2\/media?parent=259"}],"wp:term":[{"taxonomy":"product_brand","embeddable":true,"href":"https:\/\/cre-cea.ch\/es\/wp-json\/wp\/v2\/product_brand?post=259"},{"taxonomy":"product_cat","embeddable":true,"href":"https:\/\/cre-cea.ch\/es\/wp-json\/wp\/v2\/product_cat?post=259"},{"taxonomy":"product_tag","embeddable":true,"href":"https:\/\/cre-cea.ch\/es\/wp-json\/wp\/v2\/product_tag?post=259"}],"curies":[{"name":"wp","href":"https:\/\/api.w.org\/{rel}","templated":true}]}}