{"id":258,"date":"2026-02-23T14:38:03","date_gmt":"2026-02-23T14:38:03","guid":{"rendered":"https:\/\/cre-cea.ch\/?post_type=product&#038;p=258"},"modified":"2026-03-25T18:45:49","modified_gmt":"2026-03-25T18:45:49","slug":"liderar-desde-la-coherencia-pensamiento-torsional-y-salud-del-liderazgo-c5e","status":"publish","type":"product","link":"https:\/\/cre-cea.ch\/es\/producto\/liderar-desde-la-coherencia-pensamiento-torsional-y-salud-del-liderazgo-c5e\/","title":{"rendered":"Liderar desde la coherencia: pensamiento torsional y salud del liderazgo (C5E)"},"content":{"rendered":"<p><strong>Curso Profesional<br \/>\n<\/strong> <strong>(del 23 &#8211; 26 junio 2026)<\/strong><br \/>\nFormato: acad\u00e9mico, aplicado, con integraci\u00f3n pr\u00e1ctica.<br \/>\nModalidad: presencial o h\u00edbrida.<\/p>\n<p>Este curso profesional de 20 horas propone una formaci\u00f3n rigurosa y aplicada para l\u00edderes, directivos y mandos intermedios que desean ejercer su responsabilidad desde un modelo m\u00e1s integrado y sostenible. A lo largo de 10 sesiones de dos horas, en modalidad presencial o h\u00edbrida, se desarrolla una comprensi\u00f3n profunda del liderazgo como proceso cognitivo, corporal y relacional.<\/p>\n<p>La propuesta articula tres dimensiones fundamentales del desempe\u00f1o profesional. En el plano cognitivo, se trabaja la capacidad de pensar con claridad, profundidad y atenci\u00f3n sostenida en contextos de alta complejidad. En el plano corporal, se abordan herramientas concretas para la gesti\u00f3n del estr\u00e9s, la regulaci\u00f3n del sue\u00f1o y la optimizaci\u00f3n de la energ\u00eda vital como base de la toma de decisiones. En el plano relacional, se exploran din\u00e1micas que permiten crear entornos de trabajo coherentes, donde la presencia, la calma y la estabilidad emocional se convierten en ejes estrat\u00e9gicos.<br \/>\nEl curso introduce la l\u00f3gica torsional como marco de comprensi\u00f3n y gesti\u00f3n de la complejidad organizacional, ofreciendo un modelo que permite sostener la exigencia del mando sin sacrificar humanidad, claridad ni coherencia interna.<\/p>\n<p><a href=\"https:\/\/cre-cea.ch\/wp-content\/uploads\/2026\/03\/23-26-junio-irigir-desde-la-coherencia-pensamiento-torsional-y-salud-del-liderazgo.pdf\" target=\"_blank\" rel=\"noopener\"><strong>Mayor informaci\u00f3n<\/strong><\/a><\/p>","protected":false},"excerpt":{"rendered":"<p>Curso Profesional (del 23 &#8211; 26 junio 2026) Formato: acad\u00e9mico, aplicado, con integraci\u00f3n pr\u00e1ctica. Modalidad: presencial o h\u00edbrida. Este curso profesional de 20 horas propone una formaci\u00f3n rigurosa y aplicada para l\u00edderes, directivos y mandos intermedios que desean ejercer su responsabilidad desde un modelo m\u00e1s integrado y sostenible. A lo largo de 10 sesiones de [&hellip;]<\/p>\n","protected":false},"featured_media":261,"comment_status":"open","ping_status":"closed","template":"","meta":{"_et_pb_use_builder":"","_et_pb_old_content":"","_et_gb_content_width":""},"product_brand":[],"product_cat":[20],"product_tag":[],"class_list":{"0":"post-258","1":"product","2":"type-product","3":"status-publish","4":"has-post-thumbnail","6":"product_cat-formations","8":"first","9":"instock","10":"virtual","11":"purchasable","12":"product-type-simple"},"_links":{"self":[{"href":"https:\/\/cre-cea.ch\/es\/wp-json\/wp\/v2\/product\/258","targetHints":{"allow":["GET"]}}],"collection":[{"href":"https:\/\/cre-cea.ch\/es\/wp-json\/wp\/v2\/product"}],"about":[{"href":"https:\/\/cre-cea.ch\/es\/wp-json\/wp\/v2\/types\/product"}],"replies":[{"embeddable":true,"href":"https:\/\/cre-cea.ch\/es\/wp-json\/wp\/v2\/comments?post=258"}],"wp:featuredmedia":[{"embeddable":true,"href":"https:\/\/cre-cea.ch\/es\/wp-json\/wp\/v2\/media\/261"}],"wp:attachment":[{"href":"https:\/\/cre-cea.ch\/es\/wp-json\/wp\/v2\/media?parent=258"}],"wp:term":[{"taxonomy":"product_brand","embeddable":true,"href":"https:\/\/cre-cea.ch\/es\/wp-json\/wp\/v2\/product_brand?post=258"},{"taxonomy":"product_cat","embeddable":true,"href":"https:\/\/cre-cea.ch\/es\/wp-json\/wp\/v2\/product_cat?post=258"},{"taxonomy":"product_tag","embeddable":true,"href":"https:\/\/cre-cea.ch\/es\/wp-json\/wp\/v2\/product_tag?post=258"}],"curies":[{"name":"wp","href":"https:\/\/api.w.org\/{rel}","templated":true}]}}