{"id":257,"date":"2026-02-23T14:36:41","date_gmt":"2026-02-23T14:36:41","guid":{"rendered":"https:\/\/cre-cea.ch\/?post_type=product&#038;p=257"},"modified":"2026-02-24T16:31:48","modified_gmt":"2026-02-24T16:31:48","slug":"el-cansancio-que-no-se-va-durmiendo-s5e","status":"publish","type":"product","link":"https:\/\/cre-cea.ch\/es\/producto\/el-cansancio-que-no-se-va-durmiendo-s5e\/","title":{"rendered":"El cansancio que no se va durmiendo (S5E)"},"content":{"rendered":"<p><strong>Seminario vivencial<\/strong><br \/>\nCansancio estructural y suspensi\u00f3n del imperativo<br \/>\n<strong>(20 de junio 2026)<\/strong><br \/>\nSeminario intensivo \u00b7 7 horas<\/p>\n<p>Un agotamiento que el reposo no cura La fatiga persistente que no mejora con el reposo constituye uno de los fen\u00f3menos m\u00e1s extendidos y menos comprendidos de la experiencia contempor\u00e1nea. No se trata \u00fanicamente de una fatiga fisiol\u00f3gica ni de un agotamiento profesional cl\u00e1sico, sino de un r\u00e9gimen estructural donde el cuerpo sigue funcionando mientras pierde su margen interno.<\/p>\n<p>Este seminario propone un acercamiento conceptual y vivencial al agotamiento estructural, a partir del marco desarrollado en El cansancio que no se va durmiendo y del sistema de las Curvaturas. El objetivo: comprender y desactivar el r\u00e9gimen imperativo que sostiene el desgaste prolongado.<\/p>\n<p><a href=\"https:\/\/cre-cea.ch\/wp-content\/uploads\/2026\/02\/20-de-junio-S5E-El-cansancio-que-no-se-va-durmiendo.pdf\" target=\"_blank\" rel=\"noopener\"><strong>Mayor informaci\u00f3n<\/strong><\/a><\/p>","protected":false},"excerpt":{"rendered":"<p>Seminario vivencial Cansancio estructural y suspensi\u00f3n del imperativo (20 de junio 2026) Seminario intensivo \u00b7 7 horas Un agotamiento que el reposo no cura La fatiga persistente que no mejora con el reposo constituye uno de los fen\u00f3menos m\u00e1s extendidos y menos comprendidos de la experiencia contempor\u00e1nea. No se trata \u00fanicamente de una fatiga fisiol\u00f3gica [&hellip;]<\/p>\n","protected":false},"featured_media":264,"comment_status":"open","ping_status":"closed","template":"","meta":{"_et_pb_use_builder":"","_et_pb_old_content":"","_et_gb_content_width":""},"product_brand":[],"product_cat":[20],"product_tag":[],"class_list":{"0":"post-257","1":"product","2":"type-product","3":"status-publish","4":"has-post-thumbnail","6":"product_cat-formations","8":"first","9":"instock","10":"virtual","11":"purchasable","12":"product-type-simple"},"_links":{"self":[{"href":"https:\/\/cre-cea.ch\/es\/wp-json\/wp\/v2\/product\/257","targetHints":{"allow":["GET"]}}],"collection":[{"href":"https:\/\/cre-cea.ch\/es\/wp-json\/wp\/v2\/product"}],"about":[{"href":"https:\/\/cre-cea.ch\/es\/wp-json\/wp\/v2\/types\/product"}],"replies":[{"embeddable":true,"href":"https:\/\/cre-cea.ch\/es\/wp-json\/wp\/v2\/comments?post=257"}],"wp:featuredmedia":[{"embeddable":true,"href":"https:\/\/cre-cea.ch\/es\/wp-json\/wp\/v2\/media\/264"}],"wp:attachment":[{"href":"https:\/\/cre-cea.ch\/es\/wp-json\/wp\/v2\/media?parent=257"}],"wp:term":[{"taxonomy":"product_brand","embeddable":true,"href":"https:\/\/cre-cea.ch\/es\/wp-json\/wp\/v2\/product_brand?post=257"},{"taxonomy":"product_cat","embeddable":true,"href":"https:\/\/cre-cea.ch\/es\/wp-json\/wp\/v2\/product_cat?post=257"},{"taxonomy":"product_tag","embeddable":true,"href":"https:\/\/cre-cea.ch\/es\/wp-json\/wp\/v2\/product_tag?post=257"}],"curies":[{"name":"wp","href":"https:\/\/api.w.org\/{rel}","templated":true}]}}