{"id":256,"date":"2026-02-23T14:32:51","date_gmt":"2026-02-23T14:32:51","guid":{"rendered":"https:\/\/cre-cea.ch\/?post_type=product&#038;p=256"},"modified":"2026-03-13T15:44:24","modified_gmt":"2026-03-13T15:44:24","slug":"la-fatigue-qui-ne-disparait-pas-avec-le-sommeil-s5f","status":"publish","type":"product","link":"https:\/\/cre-cea.ch\/es\/producto\/la-fatigue-qui-ne-disparait-pas-avec-le-sommeil-s5f\/","title":{"rendered":"La fatigue qui ne dispara\u00eet pas avec le sommeil (S5F)"},"content":{"rendered":"<p><strong>S\u00e9minaire exp\u00e9rimentiel<\/strong><br \/>\nFatigue structurelle et suspension de l&rsquo;imp\u00e9ratif<br \/>\n<strong>(27 juin 2026)<\/strong><\/p>\n<p><strong>Un \u00e9puisement que le repos ne gu\u00e9rit pas<\/strong><br \/>\nLa fatigue persistante qui ne s&rsquo;am\u00e9liore pas avec le repos constitue l&rsquo;un des ph\u00e9nom\u00e8nes les plus r\u00e9pandus et les moins compris de l&rsquo;exp\u00e9rience contemporaine. Il ne s&rsquo;agit pas seulement d&rsquo;une fatigue physiologique ni d&rsquo;un \u00e9puisement professionnel classique, mais d&rsquo;un r\u00e9gime structurel o\u00f9 le corps continue de fonctionner tout en perdant sa marge interne.<\/p>\n<p>Ce s\u00e9minaire propose une approche conceptuelle et exp\u00e9rientielle de l&rsquo;\u00e9puisement structurel, \u00e0 partir du cadre d\u00e9velopp\u00e9 dans La fatigue qui ne dispara\u00eet pas avec le sommeil et du syst\u00e8me des Courbures. L&rsquo;objectif : comprendre et d\u00e9sactiver le r\u00e9gime imp\u00e9ratif qui soutient l&rsquo;usure prolong\u00e9e.<\/p>\n<p><a href=\"https:\/\/cre-cea.ch\/wp-content\/uploads\/2026\/02\/27-juin-S5F-La-fatigue-qui-ne-disparait-pas-avec-le-sommeil-1.pdf\" target=\"_blank\" rel=\"noopener\"><strong>Plus d&rsquo;informations<\/strong><\/a><\/p>","protected":false},"excerpt":{"rendered":"<p>S\u00e9minaire exp\u00e9rimentiel Fatigue structurelle et suspension de l&rsquo;imp\u00e9ratif (27 juin 2026) Un \u00e9puisement que le repos ne gu\u00e9rit pas La fatigue persistante qui ne s&rsquo;am\u00e9liore pas avec le repos constitue l&rsquo;un des ph\u00e9nom\u00e8nes les plus r\u00e9pandus et les moins compris de l&rsquo;exp\u00e9rience contemporaine. Il ne s&rsquo;agit pas seulement d&rsquo;une fatigue physiologique ni d&rsquo;un \u00e9puisement professionnel [&hellip;]<\/p>\n","protected":false},"featured_media":264,"comment_status":"open","ping_status":"closed","template":"","meta":{"_et_pb_use_builder":"","_et_pb_old_content":"","_et_gb_content_width":""},"product_brand":[],"product_cat":[20],"product_tag":[],"class_list":{"0":"post-256","1":"product","2":"type-product","3":"status-publish","4":"has-post-thumbnail","6":"product_cat-formations","8":"first","9":"instock","10":"virtual","11":"purchasable","12":"product-type-simple"},"_links":{"self":[{"href":"https:\/\/cre-cea.ch\/es\/wp-json\/wp\/v2\/product\/256","targetHints":{"allow":["GET"]}}],"collection":[{"href":"https:\/\/cre-cea.ch\/es\/wp-json\/wp\/v2\/product"}],"about":[{"href":"https:\/\/cre-cea.ch\/es\/wp-json\/wp\/v2\/types\/product"}],"replies":[{"embeddable":true,"href":"https:\/\/cre-cea.ch\/es\/wp-json\/wp\/v2\/comments?post=256"}],"wp:featuredmedia":[{"embeddable":true,"href":"https:\/\/cre-cea.ch\/es\/wp-json\/wp\/v2\/media\/264"}],"wp:attachment":[{"href":"https:\/\/cre-cea.ch\/es\/wp-json\/wp\/v2\/media?parent=256"}],"wp:term":[{"taxonomy":"product_brand","embeddable":true,"href":"https:\/\/cre-cea.ch\/es\/wp-json\/wp\/v2\/product_brand?post=256"},{"taxonomy":"product_cat","embeddable":true,"href":"https:\/\/cre-cea.ch\/es\/wp-json\/wp\/v2\/product_cat?post=256"},{"taxonomy":"product_tag","embeddable":true,"href":"https:\/\/cre-cea.ch\/es\/wp-json\/wp\/v2\/product_tag?post=256"}],"curies":[{"name":"wp","href":"https:\/\/api.w.org\/{rel}","templated":true}]}}