{"id":255,"date":"2026-02-23T14:31:51","date_gmt":"2026-02-23T14:31:51","guid":{"rendered":"https:\/\/cre-cea.ch\/?post_type=product&#038;p=255"},"modified":"2026-02-24T16:31:57","modified_gmt":"2026-02-24T16:31:57","slug":"diriger-depuis-la-coherence-pensee-torsionnelle-et-sante-du-leadership-c5f","status":"publish","type":"product","link":"https:\/\/cre-cea.ch\/es\/producto\/diriger-depuis-la-coherence-pensee-torsionnelle-et-sante-du-leadership-c5f\/","title":{"rendered":"Diriger depuis la coh\u00e9rence : pens\u00e9e torsionnelle et sant\u00e9 du leadership (C5F)"},"content":{"rendered":"<p><strong>Cours professionnel<\/strong><\/p>\n<p><strong>(26 au 29 mai 2026)<\/strong><br \/>\nDur\u00e9e totale : 20 heures (10 s\u00e9ances de 2 heures chacune)<\/p>\n<p>Format : acad\u00e9mique, appliqu\u00e9, avec int\u00e9gration pratique.<br \/>\nModalit\u00e9 : pr\u00e9sentiel ou hybride.<\/p>\n<p>Ce cours professionnel de 20 heures propose une formation rigoureuse et appliqu\u00e9e destin\u00e9e aux dirigeants, cadres et responsables d\u2019\u00e9quipe souhaitant exercer leur fonction \u00e0 partir d\u2019un mod\u00e8le plus int\u00e9gr\u00e9 et durable. R\u00e9parti en 10 sessions de deux heures, en modalit\u00e9 pr\u00e9sentielle ou hybride, il d\u00e9veloppe une compr\u00e9hension approfondie du leadership comme processus cognitif, corporel et relationnel.<br \/>\nLa formation articule trois dimensions fondamentales de la performance professionnelle. Sur le plan cognitif, elle renforce la capacit\u00e9 \u00e0 penser avec clart\u00e9, profondeur et attention soutenue dans des contextes de forte complexit\u00e9. Sur le plan corporel, elle apporte des outils concrets pour la gestion du stress, la r\u00e9gulation du sommeil et l\u2019optimisation de l\u2019\u00e9nergie vitale comme base des d\u00e9cisions strat\u00e9giques. Sur le plan relationnel, elle explore des dynamiques permettant de cr\u00e9er des environnements de travail coh\u00e9rents, o\u00f9 la pr\u00e9sence, le calme et la stabilit\u00e9 \u00e9motionnelle deviennent des axes structurants.<br \/>\nLe cours introduit la logique torsionnelle comme cadre de compr\u00e9hension et de gestion de la complexit\u00e9 organisationnelle, en offrant un mod\u00e8le qui permet d\u2019assumer les responsabilit\u00e9s du leadership sans perdre en humanit\u00e9, en clart\u00e9 ni en coh\u00e9rence int\u00e9rieure.<\/p>\n<p><a href=\"https:\/\/cre-cea.ch\/wp-content\/uploads\/2026\/02\/26-29-mai-C5F-Diriger-avec-coherence-pensee-torsionnelle-et-sante-du-leadership-1.pdf\" target=\"_blank\" rel=\"noopener\"><strong>Plus d&rsquo;informations<\/strong><\/a><\/p>","protected":false},"excerpt":{"rendered":"<p>Cours professionnel (26 au 29 mai 2026) Dur\u00e9e totale : 20 heures (10 s\u00e9ances de 2 heures chacune) Format : acad\u00e9mique, appliqu\u00e9, avec int\u00e9gration pratique. Modalit\u00e9 : pr\u00e9sentiel ou hybride. Ce cours professionnel de 20 heures propose une formation rigoureuse et appliqu\u00e9e destin\u00e9e aux dirigeants, cadres et responsables d\u2019\u00e9quipe souhaitant exercer leur fonction \u00e0 partir [&hellip;]<\/p>\n","protected":false},"featured_media":261,"comment_status":"open","ping_status":"closed","template":"","meta":{"_et_pb_use_builder":"","_et_pb_old_content":"","_et_gb_content_width":""},"product_brand":[],"product_cat":[20],"product_tag":[],"class_list":{"0":"post-255","1":"product","2":"type-product","3":"status-publish","4":"has-post-thumbnail","6":"product_cat-formations","8":"first","9":"instock","10":"virtual","11":"purchasable","12":"product-type-simple"},"_links":{"self":[{"href":"https:\/\/cre-cea.ch\/es\/wp-json\/wp\/v2\/product\/255","targetHints":{"allow":["GET"]}}],"collection":[{"href":"https:\/\/cre-cea.ch\/es\/wp-json\/wp\/v2\/product"}],"about":[{"href":"https:\/\/cre-cea.ch\/es\/wp-json\/wp\/v2\/types\/product"}],"replies":[{"embeddable":true,"href":"https:\/\/cre-cea.ch\/es\/wp-json\/wp\/v2\/comments?post=255"}],"wp:featuredmedia":[{"embeddable":true,"href":"https:\/\/cre-cea.ch\/es\/wp-json\/wp\/v2\/media\/261"}],"wp:attachment":[{"href":"https:\/\/cre-cea.ch\/es\/wp-json\/wp\/v2\/media?parent=255"}],"wp:term":[{"taxonomy":"product_brand","embeddable":true,"href":"https:\/\/cre-cea.ch\/es\/wp-json\/wp\/v2\/product_brand?post=255"},{"taxonomy":"product_cat","embeddable":true,"href":"https:\/\/cre-cea.ch\/es\/wp-json\/wp\/v2\/product_cat?post=255"},{"taxonomy":"product_tag","embeddable":true,"href":"https:\/\/cre-cea.ch\/es\/wp-json\/wp\/v2\/product_tag?post=255"}],"curies":[{"name":"wp","href":"https:\/\/api.w.org\/{rel}","templated":true}]}}