{"id":449,"date":"2026-03-16T17:12:23","date_gmt":"2026-03-16T17:12:23","guid":{"rendered":"https:\/\/cre-cea.ch\/?page_id=449"},"modified":"2026-03-17T08:16:57","modified_gmt":"2026-03-17T08:16:57","slug":"kinesie","status":"publish","type":"page","link":"https:\/\/cre-cea.ch\/es\/kinesie\/","title":{"rendered":"Kinesia"},"content":{"rendered":"<p>[et_pb_section fb_built=\u00a0\u00bb1&Prime; specialty=\u00a0\u00bbon\u00a0\u00bb next_background_color=\u00a0\u00bb#ffffff\u00a0\u00bb _builder_version=\u00a0\u00bb4.27.5&Prime; _module_preset=\u00a0\u00bbdefault\u00a0\u00bb background_image=\u00a0\u00bbhttps:\/\/cre-cea.ch\/wp-content\/uploads\/2026\/01\/hdyo6rr3kqk.jpg\u00a0\u00bb custom_padding=\u00a0\u00bb||133px|||\u00a0\u00bb bottom_divider_style=\u00a0\u00bbwave2&Prime; bottom_divider_height=\u00a0\u00bb90px\u00a0\u00bb bottom_divider_repeat=\u00a0\u00bb1x\u00a0\u00bb bottom_divider_flip=\u00a0\u00bbvertical\u00a0\u00bb global_colors_info=\u00a0\u00bb{}\u00a0\u00bb][et_pb_column type=\u00a0\u00bb2_3&Prime; specialty_columns=\u00a0\u00bb2&Prime; _builder_version=\u00a0\u00bb4.16&Prime; custom_padding=\u00a0\u00bb|||\u00a0\u00bb global_colors_info=\u00a0\u00bb{}\u00a0\u00bb custom_padding__hover=\u00a0\u00bb|||\u00a0\u00bb][et_pb_row_inner _builder_version=\u00a0\u00bb4.27.5&Prime; _module_preset=\u00a0\u00bbdefault\u00a0\u00bb global_colors_info=\u00a0\u00bb{}\u00a0\u00bb][et_pb_column_inner saved_specialty_column_type=\u00a0\u00bb2_3&Prime; _builder_version=\u00a0\u00bb4.27.5&Prime; _module_preset=\u00a0\u00bbdefault\u00a0\u00bb global_colors_info=\u00a0\u00bb{}\u00a0\u00bb][et_pb_text _builder_version=\u00a0\u00bb4.27.5&Prime; _module_preset=\u00a0\u00bbdefault\u00a0\u00bb header_text_color=\u00a0\u00bb#0ca0d6&Prime; header_font_size=\u00a0\u00bb38px\u00a0\u00bb header_line_height=\u00a0\u00bb1.2em\u00a0\u00bb global_colors_info=\u00a0\u00bb{}\u00a0\u00bb]<\/p>\n<h1><strong>Cr\u00e9ativit\u00e9 <\/strong><\/h1>\n<h1><strong>Communication Efficace<br \/><\/strong>Et <strong>Apprentissage<\/strong><\/h1>\n<p>[\/et_pb_text][et_pb_text _builder_version=\u00a0\u00bb4.27.5&Prime; _module_preset=\u00a0\u00bbdefault\u00a0\u00bb text_text_color=\u00a0\u00bb#04709b\u00a0\u00bb text_font_size=\u00a0\u00bb16px\u00a0\u00bb global_colors_info=\u00a0\u00bb{}\u00a0\u00bb]<\/p>\n<p><strong>CRECEA<\/strong> est n\u00e9 de la rencontre entre des professionnels de la sant\u00e9 partageant une pr\u00e9occupation commune.<\/p>\n<p>[\/et_pb_text][\/et_pb_column_inner][\/et_pb_row_inner][et_pb_row_inner column_structure=\u00a0\u00bb1_3,1_3,1_3&Prime; use_custom_gutter=\u00a0\u00bbon\u00a0\u00bb gutter_width=\u00a0\u00bb1&Prime; make_equal=\u00a0\u00bbon\u00a0\u00bb _builder_version=\u00a0\u00bb4.27.5&Prime; _module_preset=\u00a0\u00bbdefault\u00a0\u00bb module_alignment=\u00a0\u00bbcenter\u00a0\u00bb global_colors_info=\u00a0\u00bb{}\u00a0\u00bb][et_pb_column_inner type=\u00a0\u00bb1_3&Prime; saved_specialty_column_type=\u00a0\u00bb2_3&Prime; _builder_version=\u00a0\u00bb4.27.5&Prime; _module_preset=\u00a0\u00bbdefault\u00a0\u00bb global_colors_info=\u00a0\u00bb{}\u00a0\u00bb][et_pb_button button_url=\u00a0\u00bbhttps:\/\/cre-cea.ch\/contact\/\u00a0\u00bb button_text=\u00a0\u00bbNous contacter\u00a0\u00bb _builder_version=\u00a0\u00bb4.27.6&Prime; _module_preset=\u00a0\u00bbdefault\u00a0\u00bb custom_button=\u00a0\u00bbon\u00a0\u00bb button_text_size=\u00a0\u00bb15px\u00a0\u00bb button_text_color=\u00a0\u00bb#FFFFFF\u00a0\u00bb button_bg_color=\u00a0\u00bb#4aaa05&Prime; button_border_width=\u00a0\u00bb0px\u00a0\u00bb button_border_radius=\u00a0\u00bb7px\u00a0\u00bb global_colors_info=\u00a0\u00bb{}\u00a0\u00bb][\/et_pb_button][\/et_pb_column_inner][et_pb_column_inner type=\u00a0\u00bb1_3&Prime; saved_specialty_column_type=\u00a0\u00bb2_3&Prime; _builder_version=\u00a0\u00bb4.27.5&Prime; _module_preset=\u00a0\u00bbdefault\u00a0\u00bb global_colors_info=\u00a0\u00bb{}\u00a0\u00bb][et_pb_button button_url=\u00a0\u00bbhttps:\/\/cre-cea.ch\/nos-formations\/\u00a0\u00bb button_text=\u00a0\u00bbVoir les formations\u00a0\u00bb _builder_version=\u00a0\u00bb4.27.5&Prime; _module_preset=\u00a0\u00bbdefault\u00a0\u00bb custom_button=\u00a0\u00bbon\u00a0\u00bb button_text_size=\u00a0\u00bb15px\u00a0\u00bb button_text_color=\u00a0\u00bb#FFFFFF\u00a0\u00bb button_bg_color=\u00a0\u00bb#0c76d3&Prime; button_border_width=\u00a0\u00bb0px\u00a0\u00bb button_border_radius=\u00a0\u00bb7px\u00a0\u00bb global_colors_info=\u00a0\u00bb{}\u00a0\u00bb][\/et_pb_button][\/et_pb_column_inner][et_pb_column_inner type=\u00a0\u00bb1_3&Prime; saved_specialty_column_type=\u00a0\u00bb2_3&Prime; _builder_version=\u00a0\u00bb4.27.5&Prime; _module_preset=\u00a0\u00bbdefault\u00a0\u00bb global_colors_info=\u00a0\u00bb{}\u00a0\u00bb][et_pb_button button_url=\u00a0\u00bbhttps:\/\/cre-cea.ch\/nos-livres\/\u00a0\u00bb button_text=\u00a0\u00bbD\u00e9couvrir les livres\u00a0\u00bb _builder_version=\u00a0\u00bb4.27.5&Prime; _module_preset=\u00a0\u00bbdefault\u00a0\u00bb custom_button=\u00a0\u00bbon\u00a0\u00bb button_text_size=\u00a0\u00bb15px\u00a0\u00bb button_text_color=\u00a0\u00bb#FFFFFF\u00a0\u00bb button_bg_color=\u00a0\u00bb#05b5b5&Prime; button_border_width=\u00a0\u00bb0px\u00a0\u00bb button_border_radius=\u00a0\u00bb7px\u00a0\u00bb global_colors_info=\u00a0\u00bb{}\u00a0\u00bb][\/et_pb_button][\/et_pb_column_inner][\/et_pb_row_inner][\/et_pb_column][et_pb_column type=\u00a0\u00bb1_3&Prime; _builder_version=\u00a0\u00bb4.16&Prime; custom_padding=\u00a0\u00bb|||\u00a0\u00bb global_colors_info=\u00a0\u00bb{}\u00a0\u00bb custom_padding__hover=\u00a0\u00bb|||\u00a0\u00bb][\/et_pb_column][\/et_pb_section][et_pb_section fb_built=\u00a0\u00bb1&Prime; _builder_version=\u00a0\u00bb4.27.5&Prime; _module_preset=\u00a0\u00bbdefault\u00a0\u00bb custom_padding=\u00a0\u00bb0px|||||\u00a0\u00bb global_colors_info=\u00a0\u00bb{}\u00a0\u00bb][et_pb_row _builder_version=\u00a0\u00bb4.27.5&Prime; _module_preset=\u00a0\u00bbdefault\u00a0\u00bb global_colors_info=\u00a0\u00bb{}\u00a0\u00bb][et_pb_column type=\u00a0\u00bb4_4&Prime; _builder_version=\u00a0\u00bb4.27.5&Prime; _module_preset=\u00a0\u00bbdefault\u00a0\u00bb global_colors_info=\u00a0\u00bb{}\u00a0\u00bb][et_pb_text _builder_version=\u00a0\u00bb4.27.6&Prime; _module_preset=\u00a0\u00bbdefault\u00a0\u00bb header_font=\u00a0\u00bbAbhaya Libre||||||||\u00a0\u00bb header_text_align=\u00a0\u00bbcenter\u00a0\u00bb header_text_color=\u00a0\u00bb#0ca0d6&Prime; header_font_size=\u00a0\u00bb38px\u00a0\u00bb header_line_height=\u00a0\u00bb1.2em\u00a0\u00bb global_colors_info=\u00a0\u00bb{}\u00a0\u00bb]<\/p>\n<h1>Kinesie<\/h1>\n<p>[\/et_pb_text][et_pb_text _builder_version=\u00a0\u00bb4.27.6&Prime; _module_preset=\u00a0\u00bbdefault\u00a0\u00bb hover_enabled=\u00a0\u00bb0&Prime; global_colors_info=\u00a0\u00bb{}\u00a0\u00bb sticky_enabled=\u00a0\u00bb0&Prime;]<\/p>\n<p><strong>Une exp\u00e9rience de bien-\u00eatre unique en pleine nature<\/strong><br \/>D\u00e9couvrez une exp\u00e9rience de bien-\u00eatre exceptionnelle dans un environnement naturel privil\u00e9gi\u00e9, o\u00f9 calme, nature et soin profond se rencontrent.<\/p>\n<p>Plongez dans un rituel de d\u00e9tente inspir\u00e9 des traditions ancestrales. Nos <strong>massages ayurv\u00e9diques<\/strong>, r\u00e9alis\u00e9s avec des huiles authentiques s\u00e9lectionn\u00e9es en Inde, sont combin\u00e9s \u00e0 l\u2019aromath\u00e9rapie aux huiles essentielles, au <strong>toksen-scraping<\/strong> et \u00e0 la th\u00e9rapie aux <strong>pierres chaudes<\/strong>.<br \/>Ces techniques th\u00e9rapeutiques permettent de lib\u00e9rer les tensions musculaires, stimuler la circulation et favoriser une relaxation profonde du corps.<\/p>\n<p>Pour compl\u00e9ter cette exp\u00e9rience, nous proposons des <strong>s\u00e9ances priv\u00e9es de m\u00e9ditation guid\u00e9e, de relaxation profonde et de yoga th\u00e9rapeutique,<\/strong> id\u00e9ales pour retrouver \u00e9quilibre physique, calme mental et harmonie int\u00e9rieure.<br \/>Situ\u00e9 en pleine nature, notre espace offre un cadre intime et apaisant, propice au repos et \u00e0 la r\u00e9g\u00e9n\u00e9ration.<\/p>\n<p><strong>Un v\u00e9ritable sanctuaire de calme<\/strong><br \/>Un lieu d\u00e9di\u00e9 \u00e0 celles et ceux qui recherchent <strong>bien-\u00eatre, authenticit\u00e9 et une attention r\u00e9ellement personnalis\u00e9e.<\/strong><\/p>\n<p><strong>Kinesia<\/strong><br \/>C\/ Sebasti\u00e1n P\u00e9rez, 47. Planta Baja<br \/>04550 G\u00e9rgal, Almer\u00eda<br \/>Tel. 633 882 185<\/p>\n<p>[\/et_pb_text][\/et_pb_column][\/et_pb_row][et_pb_row column_structure=\u00a0\u00bb1_2,1_2&Prime; _builder_version=\u00a0\u00bb4.27.6&Prime; _module_preset=\u00a0\u00bbdefault\u00a0\u00bb global_colors_info=\u00a0\u00bb{}\u00a0\u00bb][et_pb_column type=\u00a0\u00bb1_2&Prime; _builder_version=\u00a0\u00bb4.27.6&Prime; _module_preset=\u00a0\u00bbdefault\u00a0\u00bb global_colors_info=\u00a0\u00bb{}\u00a0\u00bb][et_pb_image src=\u00a0\u00bbhttps:\/\/cre-cea.ch\/wp-content\/uploads\/2026\/03\/Kinesie-2.jpg\u00a0\u00bb title_text=\u00a0\u00bbKinesie 2&Prime; _builder_version=\u00a0\u00bb4.27.6&Prime; _module_preset=\u00a0\u00bbdefault\u00a0\u00bb global_colors_info=\u00a0\u00bb{}\u00a0\u00bb][\/et_pb_image][\/et_pb_column][et_pb_column type=\u00a0\u00bb1_2&Prime; _builder_version=\u00a0\u00bb4.27.6&Prime; _module_preset=\u00a0\u00bbdefault\u00a0\u00bb global_colors_info=\u00a0\u00bb{}\u00a0\u00bb][et_pb_image src=\u00a0\u00bbhttps:\/\/cre-cea.ch\/wp-content\/uploads\/2026\/03\/Kinesie-3.jpg\u00a0\u00bb title_text=\u00a0\u00bbKinesie 3&Prime; _builder_version=\u00a0\u00bb4.27.6&Prime; _module_preset=\u00a0\u00bbdefault\u00a0\u00bb hover_enabled=\u00a0\u00bb0&Prime; global_colors_info=\u00a0\u00bb{}\u00a0\u00bb sticky_enabled=\u00a0\u00bb0&Prime;][\/et_pb_image][\/et_pb_column][\/et_pb_row][\/et_pb_section][et_pb_section fb_built=\u00a0\u00bb1&Prime; prev_background_color=\u00a0\u00bb#ffffff\u00a0\u00bb next_background_color=\u00a0\u00bb#ffffff\u00a0\u00bb _builder_version=\u00a0\u00bb4.27.5&Prime; _module_preset=\u00a0\u00bbdefault\u00a0\u00bb background_enable_color=\u00a0\u00bboff\u00a0\u00bb background_image=\u00a0\u00bbhttps:\/\/cre-cea.ch\/wp-content\/uploads\/2026\/01\/fra8mrb2ra4.jpg\u00a0\u00bb custom_padding=\u00a0\u00bb0px|||||\u00a0\u00bb top_divider_style=\u00a0\u00bbwave2&Prime; top_divider_flip=\u00a0\u00bbvertical\u00a0\u00bb bottom_divider_style=\u00a0\u00bbwave2&Prime; bottom_divider_flip=\u00a0\u00bbvertical\u00a0\u00bb global_colors_info=\u00a0\u00bb{}\u00a0\u00bb][et_pb_row _builder_version=\u00a0\u00bb4.27.5&Prime; _module_preset=\u00a0\u00bbdefault\u00a0\u00bb min_height=\u00a0\u00bb148px\u00a0\u00bb global_colors_info=\u00a0\u00bb{}\u00a0\u00bb][et_pb_column type=\u00a0\u00bb4_4&Prime; _builder_version=\u00a0\u00bb4.27.5&Prime; _module_preset=\u00a0\u00bbdefault\u00a0\u00bb global_colors_info=\u00a0\u00bb{}\u00a0\u00bb][\/et_pb_column][\/et_pb_row][\/et_pb_section]<\/p>\n","protected":false},"excerpt":{"rendered":"<p>Cr\u00e9ativit\u00e9 Communication EfficaceEt ApprentissageCRECEA est n\u00e9 de la rencontre entre des professionnels de la sant\u00e9 partageant une pr\u00e9occupation commune.KinesieUne exp\u00e9rience de bien-\u00eatre unique en pleine natureD\u00e9couvrez une exp\u00e9rience de bien-\u00eatre exceptionnelle dans un environnement naturel privil\u00e9gi\u00e9, o\u00f9 calme, nature et soin profond se rencontrent. Plongez dans un rituel de d\u00e9tente inspir\u00e9 des traditions ancestrales. Nos [&hellip;]<\/p>\n","protected":false},"author":1,"featured_media":0,"parent":0,"menu_order":0,"comment_status":"closed","ping_status":"closed","template":"","meta":{"_et_pb_use_builder":"on","_et_pb_old_content":"","_et_gb_content_width":"","footnotes":""},"class_list":["post-449","page","type-page","status-publish","hentry"],"_links":{"self":[{"href":"https:\/\/cre-cea.ch\/es\/wp-json\/wp\/v2\/pages\/449","targetHints":{"allow":["GET"]}}],"collection":[{"href":"https:\/\/cre-cea.ch\/es\/wp-json\/wp\/v2\/pages"}],"about":[{"href":"https:\/\/cre-cea.ch\/es\/wp-json\/wp\/v2\/types\/page"}],"author":[{"embeddable":true,"href":"https:\/\/cre-cea.ch\/es\/wp-json\/wp\/v2\/users\/1"}],"replies":[{"embeddable":true,"href":"https:\/\/cre-cea.ch\/es\/wp-json\/wp\/v2\/comments?post=449"}],"version-history":[{"count":3,"href":"https:\/\/cre-cea.ch\/es\/wp-json\/wp\/v2\/pages\/449\/revisions"}],"predecessor-version":[{"id":462,"href":"https:\/\/cre-cea.ch\/es\/wp-json\/wp\/v2\/pages\/449\/revisions\/462"}],"wp:attachment":[{"href":"https:\/\/cre-cea.ch\/es\/wp-json\/wp\/v2\/media?parent=449"}],"curies":[{"name":"wp","href":"https:\/\/api.w.org\/{rel}","templated":true}]}}