{"id":14,"date":"2026-01-27T20:51:03","date_gmt":"2026-01-27T20:51:03","guid":{"rendered":"https:\/\/cre-cea.ch\/?page_id=14"},"modified":"2026-03-19T11:56:00","modified_gmt":"2026-03-19T11:56:00","slug":"a-propos","status":"publish","type":"page","link":"https:\/\/cre-cea.ch\/es\/a-propos\/","title":{"rendered":"A prop\u00f3sito"},"content":{"rendered":"<p>[et_pb_section fb_built=\u00a0\u00bb1&Prime; specialty=\u00a0\u00bbon\u00a0\u00bb next_background_color=\u00a0\u00bb#ffffff\u00a0\u00bb _builder_version=\u00a0\u00bb4.27.5&Prime; _module_preset=\u00a0\u00bbdefault\u00a0\u00bb background_image=\u00a0\u00bbhttps:\/\/cre-cea.ch\/wp-content\/uploads\/2026\/01\/hdyo6rr3kqk.jpg\u00a0\u00bb custom_padding=\u00a0\u00bb||133px|||\u00a0\u00bb bottom_divider_style=\u00a0\u00bbwave2&Prime; bottom_divider_height=\u00a0\u00bb90px\u00a0\u00bb bottom_divider_repeat=\u00a0\u00bb1x\u00a0\u00bb bottom_divider_flip=\u00a0\u00bbvertical\u00a0\u00bb global_colors_info=\u00a0\u00bb{}\u00a0\u00bb][et_pb_column type=\u00a0\u00bb2_3&Prime; specialty_columns=\u00a0\u00bb2&Prime; _builder_version=\u00a0\u00bb4.16&Prime; custom_padding=\u00a0\u00bb|||\u00a0\u00bb global_colors_info=\u00a0\u00bb{}\u00a0\u00bb custom_padding__hover=\u00a0\u00bb|||\u00a0\u00bb][et_pb_row_inner _builder_version=\u00a0\u00bb4.27.5&Prime; _module_preset=\u00a0\u00bbdefault\u00a0\u00bb global_colors_info=\u00a0\u00bb{}\u00a0\u00bb][et_pb_column_inner saved_specialty_column_type=\u00a0\u00bb2_3&Prime; _builder_version=\u00a0\u00bb4.27.5&Prime; _module_preset=\u00a0\u00bbdefault\u00a0\u00bb global_colors_info=\u00a0\u00bb{}\u00a0\u00bb][et_pb_text _builder_version=\u00a0\u00bb4.27.6&Prime; _module_preset=\u00a0\u00bbdefault\u00a0\u00bb header_text_color=\u00a0\u00bb#0ca0d6&Prime; header_line_height=\u00a0\u00bb1.2em\u00a0\u00bb hover_enabled=\u00a0\u00bb0&Prime; global_colors_info=\u00a0\u00bb{}\u00a0\u00bb header_font_last_edited=\u00a0\u00bbon|phone\u00a0\u00bb sticky_enabled=\u00a0\u00bb0&Prime;]<\/p>\n<h1><strong>Cr\u00e9ativit\u00e9 <\/strong><\/h1>\n<h1><strong>Communication Efficace<br \/><\/strong>Et <strong>Apprentissage<\/strong><\/h1>\n<p>[\/et_pb_text][et_pb_text _builder_version=\u00a0\u00bb4.27.5&Prime; _module_preset=\u00a0\u00bbdefault\u00a0\u00bb text_text_color=\u00a0\u00bb#04709b\u00a0\u00bb text_font_size=\u00a0\u00bb16px\u00a0\u00bb global_colors_info=\u00a0\u00bb{}\u00a0\u00bb]<\/p>\n<p><strong>CRECEA<\/strong> est n\u00e9 de la rencontre entre des professionnels de la sant\u00e9 partageant une pr\u00e9occupation commune.<\/p>\n<p>[\/et_pb_text][\/et_pb_column_inner][\/et_pb_row_inner][et_pb_row_inner column_structure=\u00a0\u00bb1_3,1_3,1_3&Prime; use_custom_gutter=\u00a0\u00bbon\u00a0\u00bb gutter_width=\u00a0\u00bb1&Prime; make_equal=\u00a0\u00bbon\u00a0\u00bb _builder_version=\u00a0\u00bb4.27.5&Prime; _module_preset=\u00a0\u00bbdefault\u00a0\u00bb module_alignment=\u00a0\u00bbcenter\u00a0\u00bb global_colors_info=\u00a0\u00bb{}\u00a0\u00bb][et_pb_column_inner type=\u00a0\u00bb1_3&Prime; saved_specialty_column_type=\u00a0\u00bb2_3&Prime; _builder_version=\u00a0\u00bb4.27.5&Prime; _module_preset=\u00a0\u00bbdefault\u00a0\u00bb global_colors_info=\u00a0\u00bb{}\u00a0\u00bb][et_pb_button button_url=\u00a0\u00bbhttps:\/\/cre-cea.ch\/contact\/\u00a0\u00bb button_text=\u00a0\u00bbNous contacter\u00a0\u00bb _builder_version=\u00a0\u00bb4.27.6&Prime; _module_preset=\u00a0\u00bbdefault\u00a0\u00bb custom_button=\u00a0\u00bbon\u00a0\u00bb button_text_size=\u00a0\u00bb15px\u00a0\u00bb button_text_color=\u00a0\u00bb#FFFFFF\u00a0\u00bb button_bg_color=\u00a0\u00bb#4aaa05&Prime; button_border_width=\u00a0\u00bb0px\u00a0\u00bb button_border_radius=\u00a0\u00bb7px\u00a0\u00bb global_colors_info=\u00a0\u00bb{}\u00a0\u00bb][\/et_pb_button][\/et_pb_column_inner][et_pb_column_inner type=\u00a0\u00bb1_3&Prime; saved_specialty_column_type=\u00a0\u00bb2_3&Prime; _builder_version=\u00a0\u00bb4.27.5&Prime; _module_preset=\u00a0\u00bbdefault\u00a0\u00bb global_colors_info=\u00a0\u00bb{}\u00a0\u00bb][et_pb_button button_url=\u00a0\u00bbhttps:\/\/cre-cea.ch\/nos-formations\/\u00a0\u00bb button_text=\u00a0\u00bbVoir les formations\u00a0\u00bb _builder_version=\u00a0\u00bb4.27.5&Prime; _module_preset=\u00a0\u00bbdefault\u00a0\u00bb custom_button=\u00a0\u00bbon\u00a0\u00bb button_text_size=\u00a0\u00bb15px\u00a0\u00bb button_text_color=\u00a0\u00bb#FFFFFF\u00a0\u00bb button_bg_color=\u00a0\u00bb#0c76d3&Prime; button_border_width=\u00a0\u00bb0px\u00a0\u00bb button_border_radius=\u00a0\u00bb7px\u00a0\u00bb global_colors_info=\u00a0\u00bb{}\u00a0\u00bb][\/et_pb_button][\/et_pb_column_inner][et_pb_column_inner type=\u00a0\u00bb1_3&Prime; saved_specialty_column_type=\u00a0\u00bb2_3&Prime; _builder_version=\u00a0\u00bb4.27.5&Prime; _module_preset=\u00a0\u00bbdefault\u00a0\u00bb global_colors_info=\u00a0\u00bb{}\u00a0\u00bb][et_pb_button button_url=\u00a0\u00bbhttps:\/\/cre-cea.ch\/nos-livres\/\u00a0\u00bb button_text=\u00a0\u00bbD\u00e9couvrir les livres\u00a0\u00bb _builder_version=\u00a0\u00bb4.27.5&Prime; _module_preset=\u00a0\u00bbdefault\u00a0\u00bb custom_button=\u00a0\u00bbon\u00a0\u00bb button_text_size=\u00a0\u00bb15px\u00a0\u00bb button_text_color=\u00a0\u00bb#FFFFFF\u00a0\u00bb button_bg_color=\u00a0\u00bb#05b5b5&Prime; button_border_width=\u00a0\u00bb0px\u00a0\u00bb button_border_radius=\u00a0\u00bb7px\u00a0\u00bb global_colors_info=\u00a0\u00bb{}\u00a0\u00bb][\/et_pb_button][\/et_pb_column_inner][\/et_pb_row_inner][\/et_pb_column][et_pb_column type=\u00a0\u00bb1_3&Prime; _builder_version=\u00a0\u00bb4.16&Prime; custom_padding=\u00a0\u00bb|||\u00a0\u00bb global_colors_info=\u00a0\u00bb{}\u00a0\u00bb custom_padding__hover=\u00a0\u00bb|||\u00a0\u00bb][\/et_pb_column][\/et_pb_section][et_pb_section fb_built=\u00a0\u00bb1&Prime; _builder_version=\u00a0\u00bb4.27.5&Prime; _module_preset=\u00a0\u00bbdefault\u00a0\u00bb custom_padding=\u00a0\u00bb0px|||||\u00a0\u00bb global_colors_info=\u00a0\u00bb{}\u00a0\u00bb][et_pb_row _builder_version=\u00a0\u00bb4.27.5&Prime; _module_preset=\u00a0\u00bbdefault\u00a0\u00bb global_colors_info=\u00a0\u00bb{}\u00a0\u00bb][et_pb_column type=\u00a0\u00bb4_4&Prime; _builder_version=\u00a0\u00bb4.27.5&Prime; _module_preset=\u00a0\u00bbdefault\u00a0\u00bb global_colors_info=\u00a0\u00bb{}\u00a0\u00bb][et_pb_text _builder_version=\u00a0\u00bb4.27.5&Prime; _module_preset=\u00a0\u00bbdefault\u00a0\u00bb header_font=\u00a0\u00bbAbhaya Libre||||||||\u00a0\u00bb header_text_align=\u00a0\u00bbcenter\u00a0\u00bb header_text_color=\u00a0\u00bb#0ca0d6&Prime; header_font_size=\u00a0\u00bb38px\u00a0\u00bb header_line_height=\u00a0\u00bb1.2em\u00a0\u00bb global_colors_info=\u00a0\u00bb{}\u00a0\u00bb]<\/p>\n<h1>\u00c0 propos<\/h1>\n<p>[\/et_pb_text][et_pb_text _builder_version=\u00a0\u00bb4.27.5&Prime; _module_preset=\u00a0\u00bbdefault\u00a0\u00bb global_colors_info=\u00a0\u00bb{}\u00a0\u00bb]<\/p>\n<p><strong>Qui sommes-nous<\/strong><\/p>\n<p><strong>CRECEA<\/strong> est n\u00e9 de la rencontre entre des professionnels de la sant\u00e9 partageant une pr\u00e9occupation commune : la n\u00e9cessit\u00e9 de ne plus reproduire les m\u00eames erreurs qui, pendant des d\u00e9cennies, se sont normalis\u00e9es dans les environnements formatifs, cliniques et organisationnels.<\/p>\n<p>Nous ne sommes ni une juxtaposition de disciplines ni une marque acad\u00e9mique. Nous sommes un<strong> espace de convergence<\/strong> entre des trajectoires diverses \u2014 cliniques, de recherche, p\u00e9dagogiques \u2014 r\u00e9unies par une question insistante : de quel type de formation un professionnel a-t-il besoin aujourd\u2019hui pour ne pas rester prisonnier de mod\u00e8les qui ne r\u00e9pondent plus \u00e0 la complexit\u00e9 humaine ?<\/p>\n<p>Nos orientations naissent du croisement entre recherche avanc\u00e9e, exp\u00e9rience de terrain et lecture critique des cadres dominants en sant\u00e9 et en sant\u00e9 mentale. Nous ne proposons ni recettes ni mod\u00e8les ferm\u00e9s. Nous travaillons \u00e0 partir de processus vivants, attentifs aux effets r\u00e9els que les pratiques produisent sur les personnes, les \u00e9quipes et les organisations.<\/p>\n<p>[\/et_pb_text][et_pb_text _builder_version=\u00a0\u00bb4.27.5&Prime; _module_preset=\u00a0\u00bbdefault\u00a0\u00bb global_colors_info=\u00a0\u00bb{}\u00a0\u00bb]<\/p>\n<p><strong>CRECEA<\/strong> d\u00e9fend une formation qui ne s\u00e9pare pas th\u00e9orie et pratique, corps et pens\u00e9e, connaissance et \u00e9thique. Une formation qui s\u2019autorise \u00e0 douter, \u00e0 reformuler, \u00e0 exp\u00e9rimenter. Qui reconna\u00eet qu\u2019innover ne consiste pas \u00e0 ajouter des couches, mais \u00e0 d\u00e9monter ce qui ne soutient plus.<\/p>\n<p>Plus que transmettre, nous cherchons \u00e0 cr\u00e9er des conditions pour que quelque chose de nouveau puisse appara\u00eetre dans la pratique professionnelle de chaque participant. Car nous croyons que la v\u00e9ritable transformation n\u2019advient pas lorsqu\u2019on adopte une m\u00e9thode, mais lorsque change la mani\u00e8re d\u2019\u00eatre en relation avec l\u2019autre, avec le savoir et avec soi-m\u00eame.<\/p>\n<p>[\/et_pb_text][\/et_pb_column][\/et_pb_row][\/et_pb_section][et_pb_section fb_built=\u00a0\u00bb1&Prime; prev_background_color=\u00a0\u00bb#ffffff\u00a0\u00bb next_background_color=\u00a0\u00bb#ffffff\u00a0\u00bb _builder_version=\u00a0\u00bb4.27.5&Prime; _module_preset=\u00a0\u00bbdefault\u00a0\u00bb background_enable_color=\u00a0\u00bboff\u00a0\u00bb background_image=\u00a0\u00bbhttps:\/\/cre-cea.ch\/wp-content\/uploads\/2026\/01\/fra8mrb2ra4.jpg\u00a0\u00bb top_divider_style=\u00a0\u00bbwave2&Prime; top_divider_flip=\u00a0\u00bbvertical\u00a0\u00bb bottom_divider_style=\u00a0\u00bbwave2&Prime; bottom_divider_flip=\u00a0\u00bbvertical\u00a0\u00bb global_colors_info=\u00a0\u00bb{}\u00a0\u00bb][et_pb_row _builder_version=\u00a0\u00bb4.27.5&Prime; _module_preset=\u00a0\u00bbdefault\u00a0\u00bb min_height=\u00a0\u00bb148px\u00a0\u00bb global_colors_info=\u00a0\u00bb{}\u00a0\u00bb][et_pb_column type=\u00a0\u00bb4_4&Prime; _builder_version=\u00a0\u00bb4.27.5&Prime; _module_preset=\u00a0\u00bbdefault\u00a0\u00bb global_colors_info=\u00a0\u00bb{}\u00a0\u00bb][\/et_pb_column][\/et_pb_row][\/et_pb_section][et_pb_section fb_built=\u00a0\u00bb1&Prime; _builder_version=\u00a0\u00bb4.27.5&Prime; _module_preset=\u00a0\u00bbdefault\u00a0\u00bb custom_padding=\u00a0\u00bb0px|||||\u00a0\u00bb global_colors_info=\u00a0\u00bb{}\u00a0\u00bb][et_pb_row _builder_version=\u00a0\u00bb4.27.5&Prime; _module_preset=\u00a0\u00bbdefault\u00a0\u00bb global_colors_info=\u00a0\u00bb{}\u00a0\u00bb][et_pb_column type=\u00a0\u00bb4_4&Prime; _builder_version=\u00a0\u00bb4.27.5&Prime; _module_preset=\u00a0\u00bbdefault\u00a0\u00bb global_colors_info=\u00a0\u00bb{}\u00a0\u00bb][et_pb_text _builder_version=\u00a0\u00bb4.27.5&Prime; _module_preset=\u00a0\u00bbdefault\u00a0\u00bb header_font=\u00a0\u00bbAbhaya Libre||||||||\u00a0\u00bb header_text_align=\u00a0\u00bbcenter\u00a0\u00bb header_text_color=\u00a0\u00bb#0ca0d6&Prime; header_font_size=\u00a0\u00bb38px\u00a0\u00bb header_line_height=\u00a0\u00bb1.2em\u00a0\u00bb global_colors_info=\u00a0\u00bb{}\u00a0\u00bb]<\/p>\n<h1>Manifeste p\u00e9dagogique<\/h1>\n<p>[\/et_pb_text][et_pb_text _builder_version=\u00a0\u00bb4.27.5&Prime; _module_preset=\u00a0\u00bbdefault\u00a0\u00bb global_colors_info=\u00a0\u00bb{}\u00a0\u00bb]<\/p>\n<p><strong>Apprendre n\u2019est pas r\u00e9p\u00e9ter. Se former n\u2019est pas s\u2019adapter.<\/strong><\/p>\n<p>Chez <strong>CRECEA<\/strong>, nous concevons la formation comme un acte de responsabilit\u00e9 et de soin. Nous ne formons pas pour reproduire des mod\u00e8les, mais pour soutenir la complexit\u00e9 qui traverse aujourd\u2019hui les pratiques professionnelles, en particulier dans les domaines o\u00f9 l\u2019humain est en jeu.<\/p>\n<p>Nous croyons que le savoir ne se transmet jamais intact : il se transforme dans la rencontre. C\u2019est pourquoi la formation ne peut se r\u00e9duire \u00e0 des contenus ou \u00e0 des m\u00e9thodologies ferm\u00e9es. Apprendre implique de s\u2019exposer, de revisiter ses pr\u00e9suppos\u00e9s, d\u2019accepter que tout ne puisse \u00eatre r\u00e9solu \u00e0 l\u2019avance.<\/p>\n<p>Nous ne cherchons pas des professionnels plus rapides ou plus performants, mais plus lucides, capables de lire des situations singuli\u00e8res sans imposer de r\u00e9ponses pr\u00e9fabriqu\u00e9es. Pour nous, l\u2019innovation ne consiste pas \u00e0 suivre des tendances, mais \u00e0 interrompre des inerties qui ne prennent plus soin, ni de ceux qui accompagnent, ni de ceux qui sont accompagn\u00e9s.<\/p>\n<p>La p\u00e9dagogie que nous soutenons est situ\u00e9e, incarn\u00e9e et ouverte. Elle part de l\u2019exp\u00e9rience r\u00e9elle, dialogue avec une recherche vivante et se laisse affecter par le contexte dans lequel elle advient. Elle ne s\u00e9pare pas th\u00e9orie et pratique, pens\u00e9e et corps, \u00e9thique et action.<\/p>\n<p>Se former, dans ce cadre, c\u2019est apprendre \u00e0 habiter l\u2019incertitude sans la fuir, \u00e0 penser avec d\u2019autres sans perdre sa propre voix, \u00e0 intervenir sans violenter les processus qui se d\u00e9ploient.<\/p>\n<p><strong>CRECEA<\/strong> ne propose pas un chemin unique. Elle cr\u00e9e des conditions pour que chaque professionnel puisse trouver le sien, avec plus de clart\u00e9, plus de soin et plus de responsabilit\u00e9.<\/p>\n<p>[\/et_pb_text][\/et_pb_column][\/et_pb_row][\/et_pb_section]<\/p>\n","protected":false},"excerpt":{"rendered":"<p>Cr\u00e9ativit\u00e9 Communication EfficaceEt ApprentissageCRECEA est n\u00e9 de la rencontre entre des professionnels de la sant\u00e9 partageant une pr\u00e9occupation commune.\u00c0 proposQui sommes-nous CRECEA est n\u00e9 de la rencontre entre des professionnels de la sant\u00e9 partageant une pr\u00e9occupation commune : la n\u00e9cessit\u00e9 de ne plus reproduire les m\u00eames erreurs qui, pendant des d\u00e9cennies, se sont normalis\u00e9es dans [&hellip;]<\/p>\n","protected":false},"author":1,"featured_media":0,"parent":0,"menu_order":0,"comment_status":"closed","ping_status":"closed","template":"","meta":{"_et_pb_use_builder":"on","_et_pb_old_content":"","_et_gb_content_width":"","footnotes":""},"class_list":["post-14","page","type-page","status-publish","hentry"],"_links":{"self":[{"href":"https:\/\/cre-cea.ch\/es\/wp-json\/wp\/v2\/pages\/14","targetHints":{"allow":["GET"]}}],"collection":[{"href":"https:\/\/cre-cea.ch\/es\/wp-json\/wp\/v2\/pages"}],"about":[{"href":"https:\/\/cre-cea.ch\/es\/wp-json\/wp\/v2\/types\/page"}],"author":[{"embeddable":true,"href":"https:\/\/cre-cea.ch\/es\/wp-json\/wp\/v2\/users\/1"}],"replies":[{"embeddable":true,"href":"https:\/\/cre-cea.ch\/es\/wp-json\/wp\/v2\/comments?post=14"}],"version-history":[{"count":20,"href":"https:\/\/cre-cea.ch\/es\/wp-json\/wp\/v2\/pages\/14\/revisions"}],"predecessor-version":[{"id":468,"href":"https:\/\/cre-cea.ch\/es\/wp-json\/wp\/v2\/pages\/14\/revisions\/468"}],"wp:attachment":[{"href":"https:\/\/cre-cea.ch\/es\/wp-json\/wp\/v2\/media?parent=14"}],"curies":[{"name":"wp","href":"https:\/\/api.w.org\/{rel}","templated":true}]}}